{"id":31,"date":"2014-04-20T23:10:48","date_gmt":"2014-04-20T23:10:48","guid":{"rendered":"http:\/\/www.vaku-dsgn.pl\/blog\/?page_id=31"},"modified":"2016-02-18T11:02:32","modified_gmt":"2016-02-18T11:02:32","slug":"o-nas-kontakt","status":"publish","type":"page","link":"https:\/\/vaku-dsgn.pl\/blog\/o-nas-kontakt\/","title":{"rendered":"O nas \/ Kontakt"},"content":{"rendered":"<p>Zesp\u00f3\u0142 VAKU-DSGN\u00a0tworzy garstka przyjaci\u00f3\u0142 &#8211; mi\u0142o\u015bnik\u00f3w szeroko poj\u0119tego designu, a tak\u017ce rzeczy ma\u0142ych\u00a0oraz\u00a0pi\u0119knych. Jeste\u015bmy wyj\u0105tkowi tak samo jak ka\u017cdy nasz Klient i ka\u017cdy obraz,\u00a0kt\u00f3ry wychodzi spod naszych r\u0105k. Wierzymy, \u017ce w \u017cyciu najwa\u017cniejsze s\u0105: zdrowie, dobro i mi\u0142o\u015b\u0107, kt\u00f3rych niestety nie mo\u017cemy Tobie sprzeda\u0107. Mo\u017cemy natomiast zaoferowa\u0107 Tobie ich owoce: nasz\u0105 dzieci\u0119c\u0105 wra\u017cliwo\u015b\u0107, pi\u0119kno i nasz talent. Pragniemy\u00a0zmienia\u0107 \u015bwiat, mo\u017cemy\u00a0zrobi\u0107 tak, by jedno oko\u00a0widzia\u0142o\u00a0jeden\u00a0obraz, drugie &#8211; drugi. W\u0142a\u015bnie dzi\u0119ki temu\u00a0stworzyli\u015bmy VAKU-DSGN.<\/p>\n<p>Zapraszamy do kontaktu poprzez wiadomo\u015b\u0107 e-mail na adres: blog@vaku-dsgn.pl<\/p>\n","protected":false},"excerpt":{"rendered":"<p>Zesp\u00f3\u0142 VAKU-DSGN\u00a0tworzy garstka przyjaci\u00f3\u0142 &#8211; mi\u0142o\u015bnik\u00f3w szeroko poj\u0119tego designu, a tak\u017ce rzeczy ma\u0142ych\u00a0oraz\u00a0pi\u0119knych. Jeste\u015bmy wyj\u0105tkowi tak samo jak ka\u017cdy nasz Klient i ka\u017cdy obraz,\u00a0kt\u00f3ry wychodzi spod naszych r\u0105k&#8230;.<\/p>\n","protected":false},"author":1,"featured_media":0,"parent":0,"menu_order":3,"comment_status":"open","ping_status":"open","template":"","meta":[],"yoast_head":"<!-- This site is optimized with the Yoast SEO plugin v19.6 - https:\/\/yoast.com\/wordpress\/plugins\/seo\/ -->\n<title>O nas \/ Kontakt - Blog wn\u0119trzarski | VAKU-DSGN<\/title>\n<meta name=\"robots\" content=\"index, follow, max-snippet:-1, max-image-preview:large, max-video-preview:-1\" \/>\n<link rel=\"canonical\" href=\"https:\/\/vaku-dsgn.pl\/blog\/o-nas-kontakt\/\" \/>\n<meta property=\"og:locale\" content=\"pl_PL\" \/>\n<meta property=\"og:type\" content=\"article\" \/>\n<meta property=\"og:title\" content=\"O nas \/ Kontakt - Blog wn\u0119trzarski | VAKU-DSGN\" \/>\n<meta property=\"og:description\" content=\"Zesp\u00f3\u0142 VAKU-DSGN\u00a0tworzy garstka przyjaci\u00f3\u0142 &#8211; mi\u0142o\u015bnik\u00f3w szeroko poj\u0119tego designu, a tak\u017ce rzeczy ma\u0142ych\u00a0oraz\u00a0pi\u0119knych. Jeste\u015bmy wyj\u0105tkowi tak samo jak ka\u017cdy nasz Klient i ka\u017cdy obraz,\u00a0kt\u00f3ry wychodzi spod naszych r\u0105k....\" \/>\n<meta property=\"og:url\" content=\"https:\/\/vaku-dsgn.pl\/blog\/o-nas-kontakt\/\" \/>\n<meta property=\"og:site_name\" content=\"Blog wn\u0119trzarski | VAKU-DSGN\" \/>\n<meta property=\"article:modified_time\" content=\"2016-02-18T11:02:32+00:00\" \/>\n<meta name=\"twitter:card\" content=\"summary_large_image\" \/>\n<meta name=\"twitter:label1\" content=\"Szacowany czas czytania\" \/>\n\t<meta name=\"twitter:data1\" content=\"1 minuta\" \/>\n<script type=\"application\/ld+json\" class=\"yoast-schema-graph\">{\"@context\":\"https:\/\/schema.org\",\"@graph\":[{\"@type\":\"WebPage\",\"@id\":\"https:\/\/vaku-dsgn.pl\/blog\/o-nas-kontakt\/\",\"url\":\"https:\/\/vaku-dsgn.pl\/blog\/o-nas-kontakt\/\",\"name\":\"O nas \/ Kontakt - Blog wn\u0119trzarski | VAKU-DSGN\",\"isPartOf\":{\"@id\":\"https:\/\/vaku-dsgn.pl\/blog\/#website\"},\"datePublished\":\"2014-04-20T23:10:48+00:00\",\"dateModified\":\"2016-02-18T11:02:32+00:00\",\"breadcrumb\":{\"@id\":\"https:\/\/vaku-dsgn.pl\/blog\/o-nas-kontakt\/#breadcrumb\"},\"inLanguage\":\"pl-PL\",\"potentialAction\":[{\"@type\":\"ReadAction\",\"target\":[\"https:\/\/vaku-dsgn.pl\/blog\/o-nas-kontakt\/\"]}]},{\"@type\":\"BreadcrumbList\",\"@id\":\"https:\/\/vaku-dsgn.pl\/blog\/o-nas-kontakt\/#breadcrumb\",\"itemListElement\":[{\"@type\":\"ListItem\",\"position\":1,\"name\":\"Strona g\u0142\u00f3wna\",\"item\":\"https:\/\/vaku-dsgn.pl\/blog\/\"},{\"@type\":\"ListItem\",\"position\":2,\"name\":\"O nas \/ Kontakt\"}]},{\"@type\":\"WebSite\",\"@id\":\"https:\/\/vaku-dsgn.pl\/blog\/#website\",\"url\":\"https:\/\/vaku-dsgn.pl\/blog\/\",\"name\":\"Blog wn\u0119trzarski | VAKU-DSGN\",\"description\":\"Wystr\u00f3j wn\u0119trz, design, inspiracje, DIY\",\"potentialAction\":[{\"@type\":\"SearchAction\",\"target\":{\"@type\":\"EntryPoint\",\"urlTemplate\":\"https:\/\/vaku-dsgn.pl\/blog\/?s={search_term_string}\"},\"query-input\":\"required name=search_term_string\"}],\"inLanguage\":\"pl-PL\"}]}<\/script>\n<!-- \/ Yoast SEO plugin. -->","yoast_head_json":{"title":"O nas \/ Kontakt - Blog wn\u0119trzarski | VAKU-DSGN","robots":{"index":"index","follow":"follow","max-snippet":"max-snippet:-1","max-image-preview":"max-image-preview:large","max-video-preview":"max-video-preview:-1"},"canonical":"https:\/\/vaku-dsgn.pl\/blog\/o-nas-kontakt\/","og_locale":"pl_PL","og_type":"article","og_title":"O nas \/ Kontakt - Blog wn\u0119trzarski | VAKU-DSGN","og_description":"Zesp\u00f3\u0142 VAKU-DSGN\u00a0tworzy garstka przyjaci\u00f3\u0142 &#8211; mi\u0142o\u015bnik\u00f3w szeroko poj\u0119tego designu, a tak\u017ce rzeczy ma\u0142ych\u00a0oraz\u00a0pi\u0119knych. Jeste\u015bmy wyj\u0105tkowi tak samo jak ka\u017cdy nasz Klient i ka\u017cdy obraz,\u00a0kt\u00f3ry wychodzi spod naszych r\u0105k....","og_url":"https:\/\/vaku-dsgn.pl\/blog\/o-nas-kontakt\/","og_site_name":"Blog wn\u0119trzarski | VAKU-DSGN","article_modified_time":"2016-02-18T11:02:32+00:00","twitter_card":"summary_large_image","twitter_misc":{"Szacowany czas czytania":"1 minuta"},"schema":{"@context":"https:\/\/schema.org","@graph":[{"@type":"WebPage","@id":"https:\/\/vaku-dsgn.pl\/blog\/o-nas-kontakt\/","url":"https:\/\/vaku-dsgn.pl\/blog\/o-nas-kontakt\/","name":"O nas \/ Kontakt - Blog wn\u0119trzarski | VAKU-DSGN","isPartOf":{"@id":"https:\/\/vaku-dsgn.pl\/blog\/#website"},"datePublished":"2014-04-20T23:10:48+00:00","dateModified":"2016-02-18T11:02:32+00:00","breadcrumb":{"@id":"https:\/\/vaku-dsgn.pl\/blog\/o-nas-kontakt\/#breadcrumb"},"inLanguage":"pl-PL","potentialAction":[{"@type":"ReadAction","target":["https:\/\/vaku-dsgn.pl\/blog\/o-nas-kontakt\/"]}]},{"@type":"BreadcrumbList","@id":"https:\/\/vaku-dsgn.pl\/blog\/o-nas-kontakt\/#breadcrumb","itemListElement":[{"@type":"ListItem","position":1,"name":"Strona g\u0142\u00f3wna","item":"https:\/\/vaku-dsgn.pl\/blog\/"},{"@type":"ListItem","position":2,"name":"O nas \/ Kontakt"}]},{"@type":"WebSite","@id":"https:\/\/vaku-dsgn.pl\/blog\/#website","url":"https:\/\/vaku-dsgn.pl\/blog\/","name":"Blog wn\u0119trzarski | VAKU-DSGN","description":"Wystr\u00f3j wn\u0119trz, design, inspiracje, DIY","potentialAction":[{"@type":"SearchAction","target":{"@type":"EntryPoint","urlTemplate":"https:\/\/vaku-dsgn.pl\/blog\/?s={search_term_string}"},"query-input":"required name=search_term_string"}],"inLanguage":"pl-PL"}]}},"jetpack_sharing_enabled":true,"jetpack_shortlink":"https:\/\/wp.me\/P82XUN-v","_links":{"self":[{"href":"https:\/\/vaku-dsgn.pl\/blog\/wp-json\/wp\/v2\/pages\/31"}],"collection":[{"href":"https:\/\/vaku-dsgn.pl\/blog\/wp-json\/wp\/v2\/pages"}],"about":[{"href":"https:\/\/vaku-dsgn.pl\/blog\/wp-json\/wp\/v2\/types\/page"}],"author":[{"embeddable":true,"href":"https:\/\/vaku-dsgn.pl\/blog\/wp-json\/wp\/v2\/users\/1"}],"replies":[{"embeddable":true,"href":"https:\/\/vaku-dsgn.pl\/blog\/wp-json\/wp\/v2\/comments?post=31"}],"version-history":[{"count":6,"href":"https:\/\/vaku-dsgn.pl\/blog\/wp-json\/wp\/v2\/pages\/31\/revisions"}],"predecessor-version":[{"id":322,"href":"https:\/\/vaku-dsgn.pl\/blog\/wp-json\/wp\/v2\/pages\/31\/revisions\/322"}],"wp:attachment":[{"href":"https:\/\/vaku-dsgn.pl\/blog\/wp-json\/wp\/v2\/media?parent=31"}],"curies":[{"name":"wp","href":"https:\/\/api.w.org\/{rel}","templated":true}]}}